{"id":803,"date":"2022-10-17T09:27:09","date_gmt":"2022-10-17T09:27:09","guid":{"rendered":"https:\/\/domeniulvaduri.ro\/?page_id=803"},"modified":"2026-02-23T15:01:43","modified_gmt":"2026-02-23T15:01:43","slug":"despre-noi","status":"publish","type":"page","link":"https:\/\/domeniulvaduri.ro\/index.php\/despre-noi\/","title":{"rendered":"Despre noi"},"content":{"rendered":"\t\t<div data-elementor-type=\"wp-page\" data-elementor-id=\"803\" class=\"elementor elementor-803\">\n\t\t\t\t\t\t<section class=\"elementor-section elementor-top-section elementor-element elementor-element-ihmucks elementor-section-boxed elementor-section-height-default elementor-section-height-default\" data-id=\"ihmucks\" data-element_type=\"section\" data-e-type=\"section\" data-settings=\"{&quot;background_background&quot;:&quot;video&quot;,&quot;background_video_link&quot;:&quot;https:\\\/\\\/www.youtube.com\\\/watch?v=4rAO58muOxw&quot;,&quot;background_video_start&quot;:11,&quot;background_play_on_mobile&quot;:&quot;yes&quot;}\">\n\t\t\t\t\t\t\t\t<div class=\"elementor-background-video-container\">\n\t\t\t\t\t\t\t\t\t\t\t\t\t<div class=\"elementor-background-video-embed\" role=\"presentation\"><\/div>\n\t\t\t\t\t\t\t\t\t\t\t\t<\/div>\n\t\t\t\t\t\t\t\t\t<div class=\"elementor-background-overlay\"><\/div>\n\t\t\t\t\t\t\t<div class=\"elementor-container elementor-column-gap-default\">\n\t\t\t\t\t<div class=\"elementor-column elementor-col-100 elementor-top-column elementor-element elementor-element-6620a5f\" data-id=\"6620a5f\" data-element_type=\"column\" data-e-type=\"column\">\n\t\t\t<div class=\"elementor-widget-wrap elementor-element-populated\">\n\t\t\t\t\t\t<div class=\"elementor-element elementor-element-6effccb elementor-invisible elementor-widget elementor-widget-heading\" data-id=\"6effccb\" data-element_type=\"widget\" data-e-type=\"widget\" data-settings=\"{&quot;_animation&quot;:&quot;fadeInRight&quot;}\" data-widget_type=\"heading.default\">\n\t\t\t\t<div class=\"elementor-widget-container\">\n\t\t\t\t\t<h4 class=\"elementor-heading-title elementor-size-default\">Povestea noastr\u0103 \u00eencepe aici<\/h4>\t\t\t\t<\/div>\n\t\t\t\t<\/div>\n\t\t\t\t<div class=\"elementor-element elementor-element-c3e4ff9 elementor-invisible elementor-widget elementor-widget-heading\" data-id=\"c3e4ff9\" data-element_type=\"widget\" data-e-type=\"widget\" data-settings=\"{&quot;_animation&quot;:&quot;zoomInUp&quot;}\" data-widget_type=\"heading.default\">\n\t\t\t\t<div class=\"elementor-widget-container\">\n\t\t\t\t\t<h1 class=\"elementor-heading-title elementor-size-default\">Un domeniu construit cu pasiune \u0219i respect pentru natura <\/h1>\t\t\t\t<\/div>\n\t\t\t\t<\/div>\n\t\t\t\t<div class=\"elementor-element elementor-element-c357e2d elementor-widget-divider--view-line elementor-widget elementor-widget-divider\" data-id=\"c357e2d\" data-element_type=\"widget\" data-e-type=\"widget\" data-widget_type=\"divider.default\">\n\t\t\t\t<div class=\"elementor-widget-container\">\n\t\t\t\t\t\t\t<div class=\"elementor-divider\">\n\t\t\t<span class=\"elementor-divider-separator\">\n\t\t\t\t\t\t<\/span>\n\t\t<\/div>\n\t\t\t\t\t\t<\/div>\n\t\t\t\t<\/div>\n\t\t\t\t\t<\/div>\n\t\t<\/div>\n\t\t\t\t\t<\/div>\n\t\t<\/section>\n\t\t\t\t<section class=\"elementor-section elementor-top-section elementor-element elementor-element-dkszo7l elementor-section-content-middle elementor-section-boxed elementor-section-height-default elementor-section-height-default\" data-id=\"dkszo7l\" data-element_type=\"section\" data-e-type=\"section\" data-settings=\"{&quot;background_background&quot;:&quot;classic&quot;}\">\n\t\t\t\t\t\t<div class=\"elementor-container elementor-column-gap-no\">\n\t\t\t\t\t<div class=\"elementor-column elementor-col-50 elementor-top-column elementor-element elementor-element-23633a0\" data-id=\"23633a0\" data-element_type=\"column\" data-e-type=\"column\">\n\t\t\t<div class=\"elementor-widget-wrap elementor-element-populated\">\n\t\t\t\t\t\t<div class=\"elementor-element elementor-element-b938e8f elementor-invisible elementor-widget elementor-widget-heading\" data-id=\"b938e8f\" data-element_type=\"widget\" data-e-type=\"widget\" data-settings=\"{&quot;_animation&quot;:&quot;bounceIn&quot;}\" data-widget_type=\"heading.default\">\n\t\t\t\t<div class=\"elementor-widget-container\">\n\t\t\t\t\t<h2 class=\"elementor-heading-title elementor-size-default\">Cine suntem NOI <br>cu adev\u0103rat<\/h2>\t\t\t\t<\/div>\n\t\t\t\t<\/div>\n\t\t\t\t<div class=\"elementor-element elementor-element-718ca85 elementor-invisible elementor-widget elementor-widget-text-editor\" data-id=\"718ca85\" data-element_type=\"widget\" data-e-type=\"widget\" data-settings=\"{&quot;_animation&quot;:&quot;fadeInDown&quot;}\" data-widget_type=\"text-editor.default\">\n\t\t\t\t<div class=\"elementor-widget-container\">\n\t\t\t\t\t\t\t\t\t<p>Domeniul Vaduri s-a n\u0103scut din visul \u0219i imagina\u021bia lui Marian Vr\u00eenceanu, omul care a v\u0103zut poten\u021bial acolo unde al\u021bii vedeau doar p\u0103dure \u0219i paji\u0219te. \u00cen 2012, Marian a cump\u0103rat primele terenuri care aveau s\u0103 devin\u0103 nucleul domeniului. A fost \u00eenceputul unei pove\u0219ti de familie, construit\u0103 cu r\u0103bdare, munc\u0103 \u0219i viziune.<\/p><p>\u00cen 2018, Marian a avut o idee genial\u0103: s\u0103 aduc\u0103 primele 10 capete de vaci Black Angus. A fost un moment de cotitur\u0103. Ast\u0103zi, efectivul dep\u0103\u0219e\u0219te 100 de animale crescute natural, cu grij\u0103 \u0219i respect, \u00eentr-un mediu curat \u0219i lini\u0219tit.<\/p><p>Domeniul Vaduri este, \u00een esen\u021b\u0103, o afacere de familie. Marian nu este niciodat\u0103 singur: so\u021bia, cele dou\u0103 fiice \u0219i ginerele sunt mereu al\u0103turi de el. Fiecare decizie, fiecare plan, fiecare pas \u00eenainte se face \u00eempreun\u0103. Este un loc \u00een care familia \u0219i munca de echip\u0103 sunt fundamentul tuturor lucrurilor bune care se \u00eent\u00e2mpl\u0103 aici.<\/p>\t\t\t\t\t\t\t\t<\/div>\n\t\t\t\t<\/div>\n\t\t\t\t<div class=\"elementor-element elementor-element-fc3d166 elementor-widget-divider--view-line elementor-widget elementor-widget-divider\" data-id=\"fc3d166\" data-element_type=\"widget\" data-e-type=\"widget\" data-widget_type=\"divider.default\">\n\t\t\t\t<div class=\"elementor-widget-container\">\n\t\t\t\t\t\t\t<div class=\"elementor-divider\">\n\t\t\t<span class=\"elementor-divider-separator\">\n\t\t\t\t\t\t<\/span>\n\t\t<\/div>\n\t\t\t\t\t\t<\/div>\n\t\t\t\t<\/div>\n\t\t\t\t\t<\/div>\n\t\t<\/div>\n\t\t\t\t<div class=\"elementor-column elementor-col-50 elementor-top-column elementor-element elementor-element-1e5e5f9\" data-id=\"1e5e5f9\" data-element_type=\"column\" data-e-type=\"column\" data-settings=\"{&quot;background_background&quot;:&quot;classic&quot;}\">\n\t\t\t<div class=\"elementor-widget-wrap elementor-element-populated\">\n\t\t\t\t\t\t<div class=\"elementor-element elementor-element-72a4e47 elementor-widget__width-initial elementor-invisible elementor-widget elementor-widget-video\" data-id=\"72a4e47\" data-element_type=\"widget\" data-e-type=\"widget\" data-settings=\"{&quot;youtube_url&quot;:&quot;https:\\\/\\\/www.youtube.com\\\/watch?v=ZA2KToJuQ6U&quot;,&quot;start&quot;:2,&quot;autoplay&quot;:&quot;yes&quot;,&quot;play_on_mobile&quot;:&quot;yes&quot;,&quot;_animation&quot;:&quot;fadeInDown&quot;,&quot;video_type&quot;:&quot;youtube&quot;,&quot;controls&quot;:&quot;yes&quot;}\" data-widget_type=\"video.default\">\n\t\t\t\t<div class=\"elementor-widget-container\">\n\t\t\t\t\t\t\t<div class=\"elementor-wrapper elementor-open-inline\">\n\t\t\t<div class=\"elementor-video\"><\/div>\t\t<\/div>\n\t\t\t\t\t\t<\/div>\n\t\t\t\t<\/div>\n\t\t\t\t\t<\/div>\n\t\t<\/div>\n\t\t\t\t\t<\/div>\n\t\t<\/section>\n\t\t\t\t<section class=\"elementor-section elementor-top-section elementor-element elementor-element-846a742 elementor-section-boxed elementor-section-height-default elementor-section-height-default\" data-id=\"846a742\" data-element_type=\"section\" data-e-type=\"section\">\n\t\t\t\t\t\t<div class=\"elementor-container elementor-column-gap-default\">\n\t\t\t\t\t<div class=\"elementor-column elementor-col-100 elementor-top-column elementor-element elementor-element-4d44eed\" data-id=\"4d44eed\" data-element_type=\"column\" data-e-type=\"column\">\n\t\t\t<div class=\"elementor-widget-wrap elementor-element-populated\">\n\t\t\t\t\t\t<div class=\"elementor-element elementor-element-dbafe47 elementor-invisible elementor-widget elementor-widget-heading\" data-id=\"dbafe47\" data-element_type=\"widget\" data-e-type=\"widget\" data-settings=\"{&quot;_animation_mobile&quot;:&quot;fadeInDown&quot;,&quot;_animation&quot;:&quot;slideInRight&quot;}\" data-widget_type=\"heading.default\">\n\t\t\t\t<div class=\"elementor-widget-container\">\n\t\t\t\t\t<h2 class=\"elementor-heading-title elementor-size-default\">Ce oferim? Autenticitate<\/h2>\t\t\t\t<\/div>\n\t\t\t\t<\/div>\n\t\t\t\t\t<\/div>\n\t\t<\/div>\n\t\t\t\t\t<\/div>\n\t\t<\/section>\n\t\t\t\t<section class=\"elementor-section elementor-top-section elementor-element elementor-element-72upxxd elementor-section-content-top elementor-section-boxed elementor-section-height-default elementor-section-height-default\" data-id=\"72upxxd\" data-element_type=\"section\" data-e-type=\"section\" data-settings=\"{&quot;background_background&quot;:&quot;classic&quot;}\">\n\t\t\t\t\t\t\t<div class=\"elementor-background-overlay\"><\/div>\n\t\t\t\t\t\t\t<div class=\"elementor-container elementor-column-gap-wide\">\n\t\t\t\t\t<div class=\"elementor-column elementor-col-25 elementor-top-column elementor-element elementor-element-b0fc45e\" data-id=\"b0fc45e\" data-element_type=\"column\" data-e-type=\"column\">\n\t\t\t<div class=\"elementor-widget-wrap elementor-element-populated\">\n\t\t\t\t\t\t<div class=\"elementor-element elementor-element-940f239 elementor-widget elementor-widget-image\" data-id=\"940f239\" data-element_type=\"widget\" data-e-type=\"widget\" data-widget_type=\"image.default\">\n\t\t\t\t<div class=\"elementor-widget-container\">\n\t\t\t\t\t\t\t\t\t\t\t\t\t\t\t\t<a href=\"https:\/\/domeniulvaduri.ro\/index.php\/ferma-noastra\/\" target=\"_blank\">\n\t\t\t\t\t\t\t<img fetchpriority=\"high\" decoding=\"async\" width=\"640\" height=\"427\" src=\"https:\/\/domeniulvaduri.ro\/wp-content\/uploads\/2025\/11\/g8197ddd81bba5e41a62d7458b7077ff3408f7e3d759933aec6916be7ff5c4a420d24d0421733b366432b0b3c5f23356b_640-6385616.jpg\" class=\"attachment-full size-full wp-image-1589\" alt=\"cow, cattle, animal, bovine, nature, beef, black angus, livestock, mammal, farm, rural, agriculture, countryside, farm animal\" srcset=\"https:\/\/domeniulvaduri.ro\/wp-content\/uploads\/2025\/11\/g8197ddd81bba5e41a62d7458b7077ff3408f7e3d759933aec6916be7ff5c4a420d24d0421733b366432b0b3c5f23356b_640-6385616.jpg 640w, https:\/\/domeniulvaduri.ro\/wp-content\/uploads\/2025\/11\/g8197ddd81bba5e41a62d7458b7077ff3408f7e3d759933aec6916be7ff5c4a420d24d0421733b366432b0b3c5f23356b_640-6385616-300x200.jpg 300w\" sizes=\"(max-width: 640px) 100vw, 640px\" \/>\t\t\t\t\t\t\t\t<\/a>\n\t\t\t\t\t\t\t\t\t\t\t\t\t\t\t<\/div>\n\t\t\t\t<\/div>\n\t\t\t\t<div class=\"elementor-element elementor-element-9a82d37 elementor-invisible elementor-widget elementor-widget-heading\" data-id=\"9a82d37\" data-element_type=\"widget\" data-e-type=\"widget\" data-settings=\"{&quot;_animation&quot;:&quot;fadeInDown&quot;,&quot;_animation_mobile&quot;:&quot;fadeInUp&quot;}\" data-widget_type=\"heading.default\">\n\t\t\t\t<div class=\"elementor-widget-container\">\n\t\t\t\t\t<h3 class=\"elementor-heading-title elementor-size-default\">Ferm\u0103 Black Angus<\/h3>\t\t\t\t<\/div>\n\t\t\t\t<\/div>\n\t\t\t\t<div class=\"elementor-element elementor-element-673530d elementor-widget elementor-widget-text-editor\" data-id=\"673530d\" data-element_type=\"widget\" data-e-type=\"widget\" data-settings=\"{&quot;_animation_mobile&quot;:&quot;fadeInUp&quot;}\" data-widget_type=\"text-editor.default\">\n\t\t\t\t<div class=\"elementor-widget-container\">\n\t\t\t\t\t\t\t\t\t<p>Aici, \u00een mijlocul unui peisaj pur \u0219i neatins, se afl\u0103 ferma de vaci Black Angus, un loc unde animalele tr\u0103iesc \u00een armonie cu p\u0103m\u00e2ntul \u0219i cu cerul. Pe l\u00e2ng\u0103 vaci, vei g\u0103si \u0219i g\u0103ini care se scald\u0103 \u00een soare, c\u00e2ini juc\u0103u\u0219i, ponei care te privesc cu ochi curio\u0219i \u0219i oi care pasc \u00een voie pe colinele verzi.<\/p>\t\t\t\t\t\t\t\t<\/div>\n\t\t\t\t<\/div>\n\t\t\t\t\t<\/div>\n\t\t<\/div>\n\t\t\t\t<div class=\"elementor-column elementor-col-25 elementor-top-column elementor-element elementor-element-f633001\" data-id=\"f633001\" data-element_type=\"column\" data-e-type=\"column\">\n\t\t\t<div class=\"elementor-widget-wrap elementor-element-populated\">\n\t\t\t\t\t\t<div class=\"elementor-element elementor-element-e0e85ce elementor-widget elementor-widget-image\" data-id=\"e0e85ce\" data-element_type=\"widget\" data-e-type=\"widget\" data-widget_type=\"image.default\">\n\t\t\t\t<div class=\"elementor-widget-container\">\n\t\t\t\t\t\t\t\t\t\t\t\t\t\t\t\t<a href=\"https:\/\/domeniulvaduri.ro\/index.php\/black-angus\/\" target=\"_blank\">\n\t\t\t\t\t\t\t<img decoding=\"async\" width=\"448\" height=\"350\" src=\"https:\/\/domeniulvaduri.ro\/wp-content\/uploads\/2025\/11\/pexels-photo-11898916-11898916.jpg\" class=\"attachment-full size-full wp-image-1565\" alt=\"High-quality marbled beef rib displayed on a rustic wooden table, showcasing its raw texture and rich colors.\" srcset=\"https:\/\/domeniulvaduri.ro\/wp-content\/uploads\/2025\/11\/pexels-photo-11898916-11898916.jpg 448w, https:\/\/domeniulvaduri.ro\/wp-content\/uploads\/2025\/11\/pexels-photo-11898916-11898916-300x234.jpg 300w\" sizes=\"(max-width: 448px) 100vw, 448px\" \/>\t\t\t\t\t\t\t\t<\/a>\n\t\t\t\t\t\t\t\t\t\t\t\t\t\t\t<\/div>\n\t\t\t\t<\/div>\n\t\t\t\t<div class=\"elementor-element elementor-element-d1144d8 elementor-invisible elementor-widget elementor-widget-heading\" data-id=\"d1144d8\" data-element_type=\"widget\" data-e-type=\"widget\" data-settings=\"{&quot;_animation&quot;:&quot;fadeInDown&quot;,&quot;_animation_mobile&quot;:&quot;fadeInUp&quot;}\" data-widget_type=\"heading.default\">\n\t\t\t\t<div class=\"elementor-widget-container\">\n\t\t\t\t\t<h3 class=\"elementor-heading-title elementor-size-default\">Produse Premium din carne de vit\u0103 Black Angus<\/h3>\t\t\t\t<\/div>\n\t\t\t\t<\/div>\n\t\t\t\t<div class=\"elementor-element elementor-element-a194d72 elementor-widget elementor-widget-text-editor\" data-id=\"a194d72\" data-element_type=\"widget\" data-e-type=\"widget\" data-settings=\"{&quot;_animation_mobile&quot;:&quot;fadeInUp&quot;}\" data-widget_type=\"text-editor.default\">\n\t\t\t\t<div class=\"elementor-widget-container\">\n\t\t\t\t\t\t\t\t\t<p>Domeniul Vaduri nu este doar despre natur\u0103 \u2013 este \u0219i un loc al gusturilor autentice.\u00a0<\/p><p><strong>Magazinul local<\/strong> te va r\u0103sf\u0103\u021ba cu <em>produse tradi\u021bionale din carne Black Angus<\/em>: <em>mici, burgeri suculen\u021bi, salam, crenvur\u0219ti, vr\u0103bioar\u0103 \u0219i t-bone steak<\/em>, toate provenite de la vacile care pasc chiar \u00een fa\u021ba ta. Fiecare bucat\u0103 este preg\u0103tit\u0103 cu grij\u0103 \u0219i respect, aduc\u00e2nd \u00een farfurie esen\u021ba unui loc nedeprins cu agita\u021bia ora\u0219ului.<\/p>\t\t\t\t\t\t\t\t<\/div>\n\t\t\t\t<\/div>\n\t\t\t\t\t<\/div>\n\t\t<\/div>\n\t\t\t\t<div class=\"elementor-column elementor-col-25 elementor-top-column elementor-element elementor-element-da4fcd5\" data-id=\"da4fcd5\" data-element_type=\"column\" data-e-type=\"column\">\n\t\t\t<div class=\"elementor-widget-wrap elementor-element-populated\">\n\t\t\t\t\t\t<div class=\"elementor-element elementor-element-3a56048 elementor-widget elementor-widget-image\" data-id=\"3a56048\" data-element_type=\"widget\" data-e-type=\"widget\" data-widget_type=\"image.default\">\n\t\t\t\t<div class=\"elementor-widget-container\">\n\t\t\t\t\t\t\t\t\t\t\t\t\t\t\t<img decoding=\"async\" width=\"2560\" height=\"1920\" src=\"https:\/\/domeniulvaduri.ro\/wp-content\/uploads\/2025\/12\/image00047-scaled.jpeg\" class=\"attachment-full size-full wp-image-1831\" alt=\"\" srcset=\"https:\/\/domeniulvaduri.ro\/wp-content\/uploads\/2025\/12\/image00047-scaled.jpeg 2560w, https:\/\/domeniulvaduri.ro\/wp-content\/uploads\/2025\/12\/image00047-300x225.jpeg 300w, https:\/\/domeniulvaduri.ro\/wp-content\/uploads\/2025\/12\/image00047-1024x768.jpeg 1024w, https:\/\/domeniulvaduri.ro\/wp-content\/uploads\/2025\/12\/image00047-768x576.jpeg 768w, https:\/\/domeniulvaduri.ro\/wp-content\/uploads\/2025\/12\/image00047-1536x1152.jpeg 1536w, https:\/\/domeniulvaduri.ro\/wp-content\/uploads\/2025\/12\/image00047-2048x1536.jpeg 2048w\" sizes=\"(max-width: 2560px) 100vw, 2560px\" \/>\t\t\t\t\t\t\t\t\t\t\t\t\t\t\t<\/div>\n\t\t\t\t<\/div>\n\t\t\t\t<div class=\"elementor-element elementor-element-842880c elementor-invisible elementor-widget elementor-widget-heading\" data-id=\"842880c\" data-element_type=\"widget\" data-e-type=\"widget\" data-settings=\"{&quot;_animation&quot;:&quot;fadeInDown&quot;,&quot;_animation_mobile&quot;:&quot;fadeInUp&quot;}\" data-widget_type=\"heading.default\">\n\t\t\t\t<div class=\"elementor-widget-container\">\n\t\t\t\t\t<h3 class=\"elementor-heading-title elementor-size-default\">Cazare \u00een c\u0103su\u021be country<\/h3>\t\t\t\t<\/div>\n\t\t\t\t<\/div>\n\t\t\t\t<div class=\"elementor-element elementor-element-a37d843 elementor-widget elementor-widget-text-editor\" data-id=\"a37d843\" data-element_type=\"widget\" data-e-type=\"widget\" data-settings=\"{&quot;_animation_mobile&quot;:&quot;fadeInUp&quot;}\" data-widget_type=\"text-editor.default\">\n\t\t\t\t<div class=\"elementor-widget-container\">\n\t\t\t\t\t\t\t\t\t<p>\u00cen mijlocul acestui loc fermecat,\u00a0<strong>Family Cabin<\/strong>\u00a0\u0219i\u00a0<strong>Angus Cabin<\/strong>\u00a0te vor \u00eent\u00e2mpina ca ni\u0219te refugii perfecte, construite \u00een stil country, dar cu un aer s\u0103lbatic, desprins dintr-o poveste. Ambele cabane au dou\u0103 dormitoare, un living confortabil, baie \u0219i chicinet\u0103, dar\u00a0<strong>Family Cabin<\/strong>\u00a0are ceva special: o camer\u0103 cu ie\u0219ire direct\u0103 pe teras\u0103, de unde te po\u021bi trezi \u0219i privi vacile care pasc \u00een fa\u021ba ta, f\u0103r\u0103 s\u0103 p\u0103r\u0103se\u0219ti patul.<\/p>\t\t\t\t\t\t\t\t<\/div>\n\t\t\t\t<\/div>\n\t\t\t\t\t<\/div>\n\t\t<\/div>\n\t\t\t\t<div class=\"elementor-column elementor-col-25 elementor-top-column elementor-element elementor-element-e3349d8\" data-id=\"e3349d8\" data-element_type=\"column\" data-e-type=\"column\">\n\t\t\t<div class=\"elementor-widget-wrap elementor-element-populated\">\n\t\t\t\t\t\t<div class=\"elementor-element elementor-element-56f1542 elementor-widget__width-initial elementor-widget elementor-widget-image\" data-id=\"56f1542\" data-element_type=\"widget\" data-e-type=\"widget\" data-widget_type=\"image.default\">\n\t\t\t\t<div class=\"elementor-widget-container\">\n\t\t\t\t\t\t\t\t\t\t\t\t\t\t\t<img loading=\"lazy\" decoding=\"async\" width=\"590\" height=\"590\" src=\"https:\/\/domeniulvaduri.ro\/wp-content\/uploads\/2025\/07\/inchiriere-bicicleta-electrica-mountain-bike-1-zi_10542_4_1673522607736.jpg\" class=\"attachment-full size-full wp-image-1195\" alt=\"\" srcset=\"https:\/\/domeniulvaduri.ro\/wp-content\/uploads\/2025\/07\/inchiriere-bicicleta-electrica-mountain-bike-1-zi_10542_4_1673522607736.jpg 590w, https:\/\/domeniulvaduri.ro\/wp-content\/uploads\/2025\/07\/inchiriere-bicicleta-electrica-mountain-bike-1-zi_10542_4_1673522607736-300x300.jpg 300w, https:\/\/domeniulvaduri.ro\/wp-content\/uploads\/2025\/07\/inchiriere-bicicleta-electrica-mountain-bike-1-zi_10542_4_1673522607736-150x150.jpg 150w\" sizes=\"(max-width: 590px) 100vw, 590px\" \/>\t\t\t\t\t\t\t\t\t\t\t\t\t\t\t<\/div>\n\t\t\t\t<\/div>\n\t\t\t\t<div class=\"elementor-element elementor-element-bb3c0a1 elementor-invisible elementor-widget elementor-widget-heading\" data-id=\"bb3c0a1\" data-element_type=\"widget\" data-e-type=\"widget\" data-settings=\"{&quot;_animation&quot;:&quot;fadeInDown&quot;,&quot;_animation_mobile&quot;:&quot;fadeInUp&quot;}\" data-widget_type=\"heading.default\">\n\t\t\t\t<div class=\"elementor-widget-container\">\n\t\t\t\t\t<h3 class=\"elementor-heading-title elementor-size-default\">Activit\u0103\u021bi \u00een aer liber \u0219i curat<\/h3>\t\t\t\t<\/div>\n\t\t\t\t<\/div>\n\t\t\t\t<div class=\"elementor-element elementor-element-4d04634 elementor-widget elementor-widget-text-editor\" data-id=\"4d04634\" data-element_type=\"widget\" data-e-type=\"widget\" data-settings=\"{&quot;_animation_mobile&quot;:&quot;fadeInUp&quot;}\" data-widget_type=\"text-editor.default\">\n\t\t\t\t<div class=\"elementor-widget-container\">\n\t\t\t\t\t\t\t\t\t<p>La Vaduri, respiri cu adev\u0103rat.<br \/>Aici po\u021bi \u00eenchiria biciclete electrice \u0219i porni pe drumuri lini\u0219tite, printre coline \u0219i p\u0103duri, ori po\u021bi urma traseul nostru marcat, la pas, \u00een tihn\u0103. Lacul te a\u0219teapt\u0103 pentru o partid\u0103 de pescuit, iar aerul \u2013 curat, f\u0103r\u0103 urm\u0103 de poluare \u2013 \u00ee\u021bi \u00eencarc\u0103 pl\u0103m\u00e2nii \u0219i sufletul.<\/p><p>Este locul unde natura e vie, lini\u0219tea e real\u0103, iar tu ai timp s\u0103 sim\u021bi.<\/p>\t\t\t\t\t\t\t\t<\/div>\n\t\t\t\t<\/div>\n\t\t\t\t\t<\/div>\n\t\t<\/div>\n\t\t\t\t\t<\/div>\n\t\t<\/section>\n\t\t\t\t<\/div>\n\t\t","protected":false},"excerpt":{"rendered":"<p>Povestea noastr\u0103 \u00eencepe aici Un domeniu construit cu pasiune \u0219i respect pentru natura Cine suntem NOI cu adev\u0103rat Domeniul Vaduri s-a n\u0103scut din visul \u0219i imagina\u021bia lui Marian Vr\u00eenceanu, omul care a v\u0103zut poten\u021bial acolo unde al\u021bii vedeau doar p\u0103dure \u0219i paji\u0219te. \u00cen 2012, Marian a cump\u0103rat primele terenuri care aveau s\u0103 devin\u0103 nucleul domeniului. [&hellip;]<\/p>\n","protected":false},"author":1,"featured_media":0,"parent":0,"menu_order":0,"comment_status":"closed","ping_status":"closed","template":"","meta":{"site-sidebar-layout":"no-sidebar","site-content-layout":"page-builder","ast-site-content-layout":"default","site-content-style":"default","site-sidebar-style":"default","ast-global-header-display":"","ast-banner-title-visibility":"","ast-main-header-display":"","ast-hfb-above-header-display":"","ast-hfb-below-header-display":"","ast-hfb-mobile-header-display":"","site-post-title":"disabled","ast-breadcrumbs-content":"","ast-featured-img":"disabled","footer-sml-layout":"","ast-disable-related-posts":"","theme-transparent-header-meta":"","adv-header-id-meta":"","stick-header-meta":"","header-above-stick-meta":"","header-main-stick-meta":"","header-below-stick-meta":"","astra-migrate-meta-layouts":"default","ast-page-background-enabled":"default","ast-page-background-meta":{"desktop":{"background-color":"","background-image":"","background-repeat":"repeat","background-position":"center center","background-size":"auto","background-attachment":"scroll","background-type":"","background-media":"","overlay-type":"","overlay-color":"","overlay-opacity":"","overlay-gradient":""},"tablet":{"background-color":"","background-image":"","background-repeat":"repeat","background-position":"center center","background-size":"auto","background-attachment":"scroll","background-type":"","background-media":"","overlay-type":"","overlay-color":"","overlay-opacity":"","overlay-gradient":""},"mobile":{"background-color":"","background-image":"","background-repeat":"repeat","background-position":"center center","background-size":"auto","background-attachment":"scroll","background-type":"","background-media":"","overlay-type":"","overlay-color":"","overlay-opacity":"","overlay-gradient":""}},"ast-content-background-meta":{"desktop":{"background-color":"var(--ast-global-color-5)","background-image":"","background-repeat":"repeat","background-position":"center center","background-size":"auto","background-attachment":"scroll","background-type":"","background-media":"","overlay-type":"","overlay-color":"","overlay-opacity":"","overlay-gradient":""},"tablet":{"background-color":"var(--ast-global-color-5)","background-image":"","background-repeat":"repeat","background-position":"center center","background-size":"auto","background-attachment":"scroll","background-type":"","background-media":"","overlay-type":"","overlay-color":"","overlay-opacity":"","overlay-gradient":""},"mobile":{"background-color":"var(--ast-global-color-5)","background-image":"","background-repeat":"repeat","background-position":"center center","background-size":"auto","background-attachment":"scroll","background-type":"","background-media":"","overlay-type":"","overlay-color":"","overlay-opacity":"","overlay-gradient":""}},"footnotes":""},"class_list":["post-803","page","type-page","status-publish","hentry"],"_links":{"self":[{"href":"https:\/\/domeniulvaduri.ro\/index.php\/wp-json\/wp\/v2\/pages\/803","targetHints":{"allow":["GET"]}}],"collection":[{"href":"https:\/\/domeniulvaduri.ro\/index.php\/wp-json\/wp\/v2\/pages"}],"about":[{"href":"https:\/\/domeniulvaduri.ro\/index.php\/wp-json\/wp\/v2\/types\/page"}],"author":[{"embeddable":true,"href":"https:\/\/domeniulvaduri.ro\/index.php\/wp-json\/wp\/v2\/users\/1"}],"replies":[{"embeddable":true,"href":"https:\/\/domeniulvaduri.ro\/index.php\/wp-json\/wp\/v2\/comments?post=803"}],"version-history":[{"count":112,"href":"https:\/\/domeniulvaduri.ro\/index.php\/wp-json\/wp\/v2\/pages\/803\/revisions"}],"predecessor-version":[{"id":2156,"href":"https:\/\/domeniulvaduri.ro\/index.php\/wp-json\/wp\/v2\/pages\/803\/revisions\/2156"}],"wp:attachment":[{"href":"https:\/\/domeniulvaduri.ro\/index.php\/wp-json\/wp\/v2\/media?parent=803"}],"curies":[{"name":"wp","href":"https:\/\/api.w.org\/{rel}","templated":true}]}}